{"id":137,"date":"2015-11-19T13:00:48","date_gmt":"2015-11-19T13:00:48","guid":{"rendered":"https:\/\/dzalapitvany.hu\/?page_id=137"},"modified":"2017-06-07T07:51:23","modified_gmt":"2017-06-07T07:51:23","slug":"impressum","status":"publish","type":"page","link":"https:\/\/dzalapitvany.hu\/eng\/impressum\/","title":{"rendered":"IMPRESSUM"},"content":{"rendered":"<p>[vc_row][vc_column][vc_column_text css_animation=&#8221;top-to-bottom&#8221;]<strong>TOKAJ FOUNDATION<\/strong><\/p>\n<p>Phone: +36 70\u00a0200 4035<br \/>\nE-mail: info@dzalapitvany.hu<br \/>\nAddress: 3910 Tokaj, J\u00f3zsef Attila utca 10.<br \/>\nVAT no: 18623448-1-05<br \/>\nBank account: 11734224-20005193<br \/>\nIBAN: HU49 1173 4224 2000 5193 0000 0000<br \/>\nSWIFT (BIC): OTPVHUHB<\/p>\n<p><strong>Registration number and date:<br \/>\n<\/strong>15.Pk.60.108\/2014\/6.<br \/>\n30th September 2014<\/p>\n<p><strong>Photos taken by<br \/>\n<\/strong>Tokaj-Hegyalja Fot\u00f3 \u00e9s Marketing<\/p>\n<p>Istv\u00e1n Balassa<br \/>\nTibor D\u00e9k\u00e1ny<br \/>\nTibor Han\u00e1k<br \/>\nBertalan Majercs\u00e1k<br \/>\nP\u00e9ter N\u00e9meth<br \/>\nGergely Szabolcs[\/vc_column_text][vc_row_inner][vc_column_inner width=&#8221;1\/2&#8243;][vc_single_image image=&#8221;488&#8243; img_size=&#8221;full&#8221; alignment=&#8221;center&#8221; css_animation=&#8221;top-to-bottom&#8221;][\/vc_column_inner][vc_column_inner width=&#8221;1\/2&#8243;][vc_single_image image=&#8221;487&#8243; img_size=&#8221;full&#8221; alignment=&#8221;center&#8221; css_animation=&#8221;top-to-bottom&#8221;][\/vc_column_inner][\/vc_row_inner][vc_column_text css_animation=&#8221;top-to-bottom&#8221;]<\/p>\n<p style=\"text-align: center;\"><strong>Our work is supported by Emberi Er\u0151forr\u00e1s T\u00e1mogat\u00e1skezel\u0151 (EMET) and Nemzeti Egy\u00fcttm\u0171k\u00f6d\u00e9si Alap (NEA)<\/strong><\/p>\n<p>[\/vc_column_text][\/vc_column][\/vc_row]<\/p>\n","protected":false},"excerpt":{"rendered":"<p>[vc_row][vc_column][vc_column_text css_animation=&#8221;top-to-bottom&#8221;]TOKAJ FOUNDATION Phone: +36 70\u00a0200 4035 E-mail: info@dzalapitvany.hu Address: 3910 Tokaj, J\u00f3zsef Attila utca 10. VAT no: 18623448-1-05 Bank account: 11734224-20005193 IBAN: HU49 1173 4224 2000 5193 0000 0000 SWIFT (BIC): OTPVHUHB Registration number and date: 15.Pk.60.108\/2014\/6. 30th September 2014 Photos taken by Tokaj-Hegyalja Fot\u00f3 \u00e9s Marketing Istv\u00e1n Balassa Tibor D\u00e9k\u00e1ny Tibor Han\u00e1k Bertalan &hellip; <a href=\"https:\/\/dzalapitvany.hu\/eng\/impressum\/\" class=\"more-link\"><span class=\"screen-reader-text\">IMPRESSUM<\/span> r\u00e9szletei&#8230;<\/a><\/p>\n","protected":false},"author":1,"featured_media":0,"parent":0,"menu_order":0,"comment_status":"open","ping_status":"open","template":"","meta":[],"_links":{"self":[{"href":"https:\/\/dzalapitvany.hu\/eng\/wp-json\/wp\/v2\/pages\/137"}],"collection":[{"href":"https:\/\/dzalapitvany.hu\/eng\/wp-json\/wp\/v2\/pages"}],"about":[{"href":"https:\/\/dzalapitvany.hu\/eng\/wp-json\/wp\/v2\/types\/page"}],"author":[{"embeddable":true,"href":"https:\/\/dzalapitvany.hu\/eng\/wp-json\/wp\/v2\/users\/1"}],"replies":[{"embeddable":true,"href":"https:\/\/dzalapitvany.hu\/eng\/wp-json\/wp\/v2\/comments?post=137"}],"version-history":[{"count":0,"href":"https:\/\/dzalapitvany.hu\/eng\/wp-json\/wp\/v2\/pages\/137\/revisions"}],"wp:attachment":[{"href":"https:\/\/dzalapitvany.hu\/eng\/wp-json\/wp\/v2\/media?parent=137"}],"curies":[{"name":"wp","href":"https:\/\/api.w.org\/{rel}","templated":true}]}}