{"id":140,"date":"2015-11-19T13:02:17","date_gmt":"2015-11-19T13:02:17","guid":{"rendered":"https:\/\/dzalapitvany.hu\/?page_id=140"},"modified":"2022-03-29T08:08:32","modified_gmt":"2022-03-29T08:08:32","slug":"donation","status":"publish","type":"page","link":"https:\/\/dzalapitvany.hu\/eng\/donation\/","title":{"rendered":"DONATION"},"content":{"rendered":"<p>[vc_row][vc_column][vc_column_text css_animation=&#8221;top-to-bottom&#8221;]You can transfer money directly from your bank account to ours using the following data.<\/p>\n<p>&nbsp;<\/p>\n<p>Name: Demeter Zolt\u00e1n Alap\u00edtv\u00e1ny<\/p>\n<p>Bank name: OTP Bank<\/p>\n<p>IBAN: HU49 1173 4224 2000 5193 0000 0000<\/p>\n<p>SWIFT (BIC): OTPVHUHB[\/vc_column_text][vc_single_image image=&#8221;460&#8243; img_size=&#8221;full&#8221; alignment=&#8221;center&#8221; onclick=&#8221;zoom&#8221; css_animation=&#8221;top-to-bottom&#8221;][\/vc_column][\/vc_row]<\/p>\n","protected":false},"excerpt":{"rendered":"<p>[vc_row][vc_column][vc_column_text css_animation=&#8221;top-to-bottom&#8221;]You can transfer money directly from your bank account to ours using the following data. &nbsp; Name: Demeter Zolt\u00e1n Alap\u00edtv\u00e1ny Bank name: OTP Bank IBAN: HU49 1173 4224 2000 5193 0000 0000 SWIFT (BIC): OTPVHUHB[\/vc_column_text][vc_single_image image=&#8221;460&#8243; img_size=&#8221;full&#8221; alignment=&#8221;center&#8221; onclick=&#8221;zoom&#8221; css_animation=&#8221;top-to-bottom&#8221;][\/vc_column][\/vc_row]<\/p>\n","protected":false},"author":1,"featured_media":0,"parent":0,"menu_order":0,"comment_status":"open","ping_status":"open","template":"","meta":[],"_links":{"self":[{"href":"https:\/\/dzalapitvany.hu\/eng\/wp-json\/wp\/v2\/pages\/140"}],"collection":[{"href":"https:\/\/dzalapitvany.hu\/eng\/wp-json\/wp\/v2\/pages"}],"about":[{"href":"https:\/\/dzalapitvany.hu\/eng\/wp-json\/wp\/v2\/types\/page"}],"author":[{"embeddable":true,"href":"https:\/\/dzalapitvany.hu\/eng\/wp-json\/wp\/v2\/users\/1"}],"replies":[{"embeddable":true,"href":"https:\/\/dzalapitvany.hu\/eng\/wp-json\/wp\/v2\/comments?post=140"}],"version-history":[{"count":0,"href":"https:\/\/dzalapitvany.hu\/eng\/wp-json\/wp\/v2\/pages\/140\/revisions"}],"wp:attachment":[{"href":"https:\/\/dzalapitvany.hu\/eng\/wp-json\/wp\/v2\/media?parent=140"}],"curies":[{"name":"wp","href":"https:\/\/api.w.org\/{rel}","templated":true}]}}