{"id":638,"date":"2017-08-25T07:19:14","date_gmt":"2017-08-25T07:19:14","guid":{"rendered":"https:\/\/dzalapitvany.hu\/eng\/?page_id=638"},"modified":"2017-08-25T08:32:48","modified_gmt":"2017-08-25T08:32:48","slug":"tokaj-hegyaljai-album","status":"publish","type":"page","link":"https:\/\/dzalapitvany.hu\/eng\/tokaj-hegyaljai-album\/","title":{"rendered":"TOKAJ-HEGYALJAI ALBUM"},"content":{"rendered":"<p>[vc_row][vc_column][vc_single_image image=&#8221;645&#8243; img_size=&#8221;full&#8221; alignment=&#8221;center&#8221; css_animation=&#8221;bottom-to-top&#8221;][vc_custom_heading text=&#8221;1867<br \/>\n2017<br \/>\n&#8221; font_container=&#8221;tag:h2|text_align:center&#8221; google_fonts=&#8221;font_family:Cinzel%3Aregular%2C700%2C900|font_style:700%20bold%20regular%3A700%3Anormal&#8221;][\/vc_column][\/vc_row][vc_row][vc_column][vc_column_text css_animation=&#8221;top-to-bottom&#8221;]<strong>Dr. J\u00f3zsef Szab\u00f3 &#8211; Istv\u00e1n T\u00f6r\u00f6k: Tokaj-Hegyalja Album<\/strong><\/p>\n<p style=\"text-align: left;\">The 150th anniversary of the frst edition of the Tokaj-Hegyalja Album, one of the largest sized land description works of its age, and the work of the inspired, creative predecessors are commemorated by Tokaj Foundation with a limited facsimile re-edition, printed in 200 numbered copies, intended to be as close to the original as possible in every aspect.<\/p>\n<p style=\"text-align: left;\">The book contains twenty-two lithographs by Guszt\u00e1v Keleti and a geological map of Tokaj drawn by Dr. J\u00f3zsef Szab\u00f3 in 1865.<\/p>\n<p>[\/vc_column_text][vc_single_image image=&#8221;646&#8243; img_size=&#8221;full&#8221; alignment=&#8221;center&#8221; css_animation=&#8221;top-to-bottom&#8221;][\/vc_column][\/vc_row][vc_row][vc_column][vc_custom_heading text=&#8221;TOKAJ-HEGYALJAI ALBUM<br \/>\n&#8221; font_container=&#8221;tag:h2|text_align:center&#8221; google_fonts=&#8221;font_family:Cinzel%3Aregular%2C700%2C900|font_style:700%20bold%20regular%3A700%3Anormal&#8221;][vc_custom_heading text=&#8221;HISTORICAL BACKGROUND&#8221; font_container=&#8221;tag:h2|font_size:20|text_align:center&#8221; google_fonts=&#8221;font_family:Cinzel%3Aregular%2C700%2C900|font_style:400%20regular%3A400%3Anormal&#8221;][vc_column_text css_animation=&#8221;top-to-bottom&#8221;]<\/p>\n<p style=\"text-align: justify;\">Following the establishment of the Tokaj-Hegyalja Wine Artisans\u2019 Association in 1857, the founders had the idea of a modern, comprehensive book on Tokaj-Hegyalja wine region in their mind. Accordingly, in the late 1850s Baron Mikl\u00f3s Vay personally visited J\u00f3zsef Szab\u00f3 (1822-1894), geologist professor at Pest University, and asked him to edit and write the volume. The objective was clear: to publish a book on Tokaj-Hegyalja, written in four languages that is able to properly present the reputed past and the present of the wine region to the Hungarian and the international public. The album was printed in 1867 in Pest in the press of Guszt\u00e1v Emich (1814-1869) in Hungarian, English, German and French languages. The publishing expenses were entirely borne by the Tokaj Wine Artisans\u2019 Association. The introduction and the viti-vinicultural knowledge were written by Istv\u00e1n T\u00f6r\u00f6k. J\u00f3zsef Szab\u00f3 himself did the greatest part of the job, namely writing the geology and the history and describing the settlements of the wine region. The geological map, an annex to the album, indicating some vineyards of great importance, was also his work. The album featured twentytwo contemporary stone prints as well. With this work the editors entrusted Guszt\u00e1v Keleti (1834-1902) the wellknown artist and cultural politician of the time. Thanks to his work of exceptional artistic quality, now we are able to imagine how the wine-growing settlements, vine cellars and vineyards of Tokaj-Hegyalja looked like at that time.<\/p>\n<p style=\"text-align: justify;\"><a href=\"https:\/\/dzalapitvany.hu\/wp-content\/uploads\/2015\/05\/KEF_4285.jpg\"><img loading=\"lazy\" class=\"aligncenter wp-image-630 size-full\" src=\"https:\/\/dzalapitvany.hu\/wp-content\/uploads\/2015\/05\/KEF_4285.jpg\" alt=\"\" width=\"1000\" height=\"667\" \/><\/a><br \/>\nThe Tokaj-Hegyaljai Album represents a signifcant documentary value as well, not merely from the point of view of viti-viniculture or geology, but also of the science of history. It gives a historical insight into life before the Austro-Hungarian Compromise, in 1867. Its historical value is also strengthened by the fact that it presents how sparkling and at the same time \ufb02ourishing social life and wine culture existed in the wine region in the mid-19th century.<\/p>\n<p>[\/vc_column_text][vc_custom_heading text=&#8221;More information: info@dzalapitvany.hu<br \/>\n&#8221; font_container=&#8221;tag:h2|font_size:20|text_align:center&#8221; google_fonts=&#8221;font_family:Cinzel%3Aregular%2C700%2C900|font_style:400%20regular%3A400%3Anormal&#8221;][\/vc_column][\/vc_row]<\/p>\n","protected":false},"excerpt":{"rendered":"<p>[vc_row][vc_column][vc_single_image image=&#8221;645&#8243; img_size=&#8221;full&#8221; alignment=&#8221;center&#8221; css_animation=&#8221;bottom-to-top&#8221;][vc_custom_heading text=&#8221;1867 2017 &#8221; font_container=&#8221;tag:h2|text_align:center&#8221; google_fonts=&#8221;font_family:Cinzel%3Aregular%2C700%2C900|font_style:700%20bold%20regular%3A700%3Anormal&#8221;][\/vc_column][\/vc_row][vc_row][vc_column][vc_column_text css_animation=&#8221;top-to-bottom&#8221;]Dr. J\u00f3zsef Szab\u00f3 &#8211; Istv\u00e1n T\u00f6r\u00f6k: Tokaj-Hegyalja Album The 150th anniversary of the frst edition of the Tokaj-Hegyalja Album, one of the largest sized land description works of its age, and the work of the inspired, creative predecessors are commemorated by Tokaj Foundation with a &hellip; <a href=\"https:\/\/dzalapitvany.hu\/eng\/tokaj-hegyaljai-album\/\" class=\"more-link\"><span class=\"screen-reader-text\">TOKAJ-HEGYALJAI ALBUM<\/span> r\u00e9szletei&#8230;<\/a><\/p>\n","protected":false},"author":1,"featured_media":0,"parent":0,"menu_order":0,"comment_status":"closed","ping_status":"closed","template":"","meta":[],"_links":{"self":[{"href":"https:\/\/dzalapitvany.hu\/eng\/wp-json\/wp\/v2\/pages\/638"}],"collection":[{"href":"https:\/\/dzalapitvany.hu\/eng\/wp-json\/wp\/v2\/pages"}],"about":[{"href":"https:\/\/dzalapitvany.hu\/eng\/wp-json\/wp\/v2\/types\/page"}],"author":[{"embeddable":true,"href":"https:\/\/dzalapitvany.hu\/eng\/wp-json\/wp\/v2\/users\/1"}],"replies":[{"embeddable":true,"href":"https:\/\/dzalapitvany.hu\/eng\/wp-json\/wp\/v2\/comments?post=638"}],"version-history":[{"count":0,"href":"https:\/\/dzalapitvany.hu\/eng\/wp-json\/wp\/v2\/pages\/638\/revisions"}],"wp:attachment":[{"href":"https:\/\/dzalapitvany.hu\/eng\/wp-json\/wp\/v2\/media?parent=638"}],"curies":[{"name":"wp","href":"https:\/\/api.w.org\/{rel}","templated":true}]}}